{"id":6697,"date":"2026-01-12T14:30:41","date_gmt":"2026-01-12T14:30:41","guid":{"rendered":"https:\/\/farmoderm.it\/farmacias-afiliadas\/"},"modified":"2026-03-10T11:28:31","modified_gmt":"2026-03-10T11:28:31","slug":"farmacias-afiliadas","status":"publish","type":"page","link":"https:\/\/farmoderm.it\/es\/farmacias-afiliadas\/","title":{"rendered":"Farmacias afiliadas"},"content":{"rendered":"\t\t<div data-elementor-type=\"wp-page\" data-elementor-id=\"6697\" class=\"elementor elementor-6697 elementor-580\" data-elementor-post-type=\"page\">\n\t\t\t\t<div class=\"elementor-element elementor-element-ebaed3e e-flex e-con-boxed e-con e-parent\" data-id=\"ebaed3e\" data-element_type=\"container\" data-e-type=\"container\">\n\t\t\t\t\t<div class=\"e-con-inner\">\n\t\t\t\t<div class=\"elementor-element elementor-element-68f1453 elementor-widget elementor-widget-breadcrumbs\" data-id=\"68f1453\" data-element_type=\"widget\" data-e-type=\"widget\" data-widget_type=\"breadcrumbs.default\">\n\t\t\t\t\t<p id=\"breadcrumbs\"><span><span><a href=\"https:\/\/farmoderm.it\/es\/pagina-de-inicio\/\">Home<\/a><\/span><\/span><\/p>\t\t\t\t<\/div>\n\t\t\t\t<div class=\"elementor-element elementor-element-a511404 elementor-widget elementor-widget-heading\" data-id=\"a511404\" data-element_type=\"widget\" data-e-type=\"widget\" data-widget_type=\"heading.default\">\n\t\t\t\t\t<h1 class=\"elementor-heading-title elementor-size-default\">Farmacias afiliadas<\/h1>\t\t\t\t<\/div>\n\t\t\t\t<div class=\"elementor-element elementor-element-d218d31 elementor-widget elementor-widget-text-editor\" data-id=\"d218d31\" data-element_type=\"widget\" data-e-type=\"widget\" data-widget_type=\"text-editor.default\">\n\t\t\t\t\t\t\t\t\t<p><strong>Una referencia en dermocosm\u00e9tica para pieles sensibles<\/strong><\/p>\t\t\t\t\t\t\t\t<\/div>\n\t\t\t\t<div class=\"elementor-element elementor-element-707a40c elementor-widget elementor-widget-text-editor\" data-id=\"707a40c\" data-element_type=\"widget\" data-e-type=\"widget\" data-widget_type=\"text-editor.default\">\n\t\t\t\t\t\t\t\t\t<p>Los Laboratorios Farmoderm Pharmodermatological colaboran con farmacias y profesionales de la salud desde hace m\u00e1s de treinta a\u00f1os, ofreciendo soluciones dermocosm\u00e9ticas fiables, seguras y cient\u00edficamente validadas.<\/p><p>Las farmacias afiliadas a Farmoderm representan un <strong>canal privilegiado<\/strong> para hacer accesible la investigaci\u00f3n farmacodermatol\u00f3gica a quienes cuidan de las personas cada d\u00eda, en particular de aquellas <strong>con piel sensible, fr\u00e1gil o con necesidades especiales<\/strong>.<\/p>\t\t\t\t\t\t\t\t<\/div>\n\t\t\t\t\t<\/div>\n\t\t\t\t<\/div>\n\t\t<div class=\"elementor-element elementor-element-e35095e e-flex e-con-boxed e-con e-parent\" data-id=\"e35095e\" data-element_type=\"container\" data-e-type=\"container\" data-settings=\"{&quot;background_background&quot;:&quot;classic&quot;}\">\n\t\t\t\t\t<div class=\"e-con-inner\">\n\t\t<div class=\"elementor-element elementor-element-e69fcb4 e-con-full e-flex e-con e-child\" data-id=\"e69fcb4\" data-element_type=\"container\" data-e-type=\"container\">\n\t\t<div class=\"elementor-element elementor-element-3bd0947 e-con-full e-flex e-con e-child\" data-id=\"3bd0947\" data-element_type=\"container\" data-e-type=\"container\">\n\t\t<div class=\"elementor-element elementor-element-2dd5cfe e-con-full e-flex e-con e-child\" data-id=\"2dd5cfe\" data-element_type=\"container\" data-e-type=\"container\" data-settings=\"{&quot;background_background&quot;:&quot;classic&quot;}\">\n\t\t\t\t<\/div>\n\t\t<div class=\"elementor-element elementor-element-e88e218 e-con-full e-flex e-con e-child\" data-id=\"e88e218\" data-element_type=\"container\" data-e-type=\"container\" data-settings=\"{&quot;background_background&quot;:&quot;classic&quot;}\">\n\t\t\t\t<div class=\"elementor-element elementor-element-43d61c1 elementor-widget elementor-widget-heading\" data-id=\"43d61c1\" data-element_type=\"widget\" data-e-type=\"widget\" data-widget_type=\"heading.default\">\n\t\t\t\t\t<h2 class=\"elementor-heading-title elementor-size-default\">Por qu\u00e9 elegir Farmoderm<\/h2>\t\t\t\t<\/div>\n\t\t\t\t<div class=\"elementor-element elementor-element-d5f9906 elementor-widget elementor-widget-heading\" data-id=\"d5f9906\" data-element_type=\"widget\" data-e-type=\"widget\" data-widget_type=\"heading.default\">\n\t\t\t\t\t<h3 class=\"elementor-heading-title elementor-size-default\">Experiencia cient\u00edfica reconocida por el mundo sanitario<\/h3>\t\t\t\t<\/div>\n\t\t\t\t<div class=\"elementor-element elementor-element-6c83876 elementor-widget elementor-widget-text-editor\" data-id=\"6c83876\" data-element_type=\"widget\" data-e-type=\"widget\" data-widget_type=\"text-editor.default\">\n\t\t\t\t\t\t\t\t\t<p>Farmoderm es reconocida por los profesionales sanitarios como una excelencia en el estudio, investigaci\u00f3n y desarrollo de formulaciones farmacodermatol\u00f3gicas.<br>Desde hace m\u00e1s de 30 a\u00f1os, desarrollamos y comercializamos productos para:<\/p><ul><li>higiene diaria<\/li><li>prevenci\u00f3n dermatol\u00f3gica<\/li><li>protecci\u00f3n y cuidado de la piel sensible<\/li><\/ul><p>Colaboramos activamente con <strong>universidades e institutos de investigaci\u00f3n<\/strong> para validar la eficacia de nuestras f\u00f3rmulas mediante <strong>estudios cl\u00ednicos independientes<\/strong>, garantizando resultados concretos y fiables.<\/p><p>Los productos Farmoderm est\u00e1n dise\u00f1ados para apoyar a la farmacia en la prevenci\u00f3n de complicaciones cut\u00e1neas y en la correcta gesti\u00f3n de la higiene personal, incluso en contextos fr\u00e1giles.<\/p>\t\t\t\t\t\t\t\t<\/div>\n\t\t\t\t<\/div>\n\t\t\t\t<\/div>\n\t\t\t\t<\/div>\n\t\t\t\t\t<\/div>\n\t\t\t\t<\/div>\n\t\t<div class=\"elementor-element elementor-element-6cae9cc e-flex e-con-boxed e-con e-parent\" data-id=\"6cae9cc\" data-element_type=\"container\" data-e-type=\"container\">\n\t\t\t\t\t<div class=\"e-con-inner\">\n\t\t\t\t<div class=\"elementor-element elementor-element-97bbe37 elementor-widget elementor-widget-heading\" data-id=\"97bbe37\" data-element_type=\"widget\" data-e-type=\"widget\" data-widget_type=\"heading.default\">\n\t\t\t\t\t<h2 class=\"elementor-heading-title elementor-size-default\">Un socio para la farmacia<\/h2>\t\t\t\t<\/div>\n\t\t\t\t<div class=\"elementor-element elementor-element-db497b5 elementor-widget elementor-widget-text-editor\" data-id=\"db497b5\" data-element_type=\"widget\" data-e-type=\"widget\" data-widget_type=\"text-editor.default\">\n\t\t\t\t\t\t\t\t\t<p><strong>No s\u00f3lo productos, sino apoyo continuo<\/strong><\/p>\t\t\t\t\t\t\t\t<\/div>\n\t\t\t\t<div class=\"elementor-element elementor-element-9dd414c elementor-widget elementor-widget-text-editor\" data-id=\"9dd414c\" data-element_type=\"widget\" data-e-type=\"widget\" data-widget_type=\"text-editor.default\">\n\t\t\t\t\t\t\t\t\t<p>Farmoderm trabaja cada d\u00eda para que la investigaci\u00f3n farmacodermatol\u00f3gica <strong>sea realmente accesible<\/strong>, sin perder de vista las necesidades operativas y profesionales de las farmacias asociadas.<\/p><p>Creemos en una colaboraci\u00f3n basada en la <strong>formaci\u00f3n, la actualizaci\u00f3n y el entrenamiento constantes<\/strong>, para potenciar la funci\u00f3n asesora del farmac\u00e9utico.<\/p>\t\t\t\t\t\t\t\t<\/div>\n\t\t\t\t\t<\/div>\n\t\t\t\t<\/div>\n\t\t<div class=\"elementor-element elementor-element-e03ffcc e-flex e-con-boxed e-con e-parent\" data-id=\"e03ffcc\" data-element_type=\"container\" data-e-type=\"container\" data-settings=\"{&quot;background_background&quot;:&quot;classic&quot;}\">\n\t\t\t\t\t<div class=\"e-con-inner\">\n\t\t<div class=\"elementor-element elementor-element-e16d393 e-con-full e-flex e-con e-child\" data-id=\"e16d393\" data-element_type=\"container\" data-e-type=\"container\">\n\t\t<div class=\"elementor-element elementor-element-078498c e-con-full e-flex e-con e-child\" data-id=\"078498c\" data-element_type=\"container\" data-e-type=\"container\">\n\t\t<div class=\"elementor-element elementor-element-782946b e-con-full e-flex e-con e-child\" data-id=\"782946b\" data-element_type=\"container\" data-e-type=\"container\" data-settings=\"{&quot;background_background&quot;:&quot;classic&quot;}\">\n\t\t\t\t<div class=\"elementor-element elementor-element-cbcfd36 elementor-widget elementor-widget-heading\" data-id=\"cbcfd36\" data-element_type=\"widget\" data-e-type=\"widget\" data-widget_type=\"heading.default\">\n\t\t\t\t\t<h2 class=\"elementor-heading-title elementor-size-default\">Servicios de apoyo a las farmacias contratadas<\/h2>\t\t\t\t<\/div>\n\t\t\t\t<\/div>\n\t\t\t\t<\/div>\n\t\t<div class=\"elementor-element elementor-element-8825127 e-con-full e-flex e-con e-child\" data-id=\"8825127\" data-element_type=\"container\" data-e-type=\"container\">\n\t\t<div class=\"elementor-element elementor-element-5f359c3 e-con-full e-flex e-con e-child\" data-id=\"5f359c3\" data-element_type=\"container\" data-e-type=\"container\" data-settings=\"{&quot;background_background&quot;:&quot;classic&quot;}\">\n\t\t\t\t<div class=\"elementor-element elementor-element-8655c0a elementor-widget elementor-widget-heading\" data-id=\"8655c0a\" data-element_type=\"widget\" data-e-type=\"widget\" data-widget_type=\"heading.default\">\n\t\t\t\t\t<h3 class=\"elementor-heading-title elementor-size-default\">Formaci\u00f3n y actualizaci\u00f3n<\/h3>\t\t\t\t<\/div>\n\t\t\t\t<div class=\"elementor-element elementor-element-4068d33 elementor-widget elementor-widget-text-editor\" data-id=\"4068d33\" data-element_type=\"widget\" data-e-type=\"widget\" data-widget_type=\"text-editor.default\">\n\t\t\t\t\t\t\t\t\t<ul><li>Cursos de formaci\u00f3n espec\u00edficos<\/li><li>Actualizaciones sobre estudios cl\u00ednicos y pruebas cient\u00edficas<\/li><li>Apoyo en los protocolos de uso del producto<\/li><\/ul>\t\t\t\t\t\t\t\t<\/div>\n\t\t\t\t<\/div>\n\t\t<div class=\"elementor-element elementor-element-58ec0b3 e-con-full e-flex e-con e-child\" data-id=\"58ec0b3\" data-element_type=\"container\" data-e-type=\"container\" data-settings=\"{&quot;background_background&quot;:&quot;classic&quot;}\">\n\t\t\t\t<div class=\"elementor-element elementor-element-b7759b5 elementor-widget elementor-widget-heading\" data-id=\"b7759b5\" data-element_type=\"widget\" data-e-type=\"widget\" data-widget_type=\"heading.default\">\n\t\t\t\t\t<h3 class=\"elementor-heading-title elementor-size-default\">Apoyo operativo<\/h3>\t\t\t\t<\/div>\n\t\t\t\t<div class=\"elementor-element elementor-element-883a56a elementor-widget elementor-widget-text-editor\" data-id=\"883a56a\" data-element_type=\"widget\" data-e-type=\"widget\" data-widget_type=\"text-editor.default\">\n\t\t\t\t\t\t\t\t\t<ul><li>Informaci\u00f3n detallada sobre productos y m\u00e9todos de aplicaci\u00f3n<\/li><li>Material de exposici\u00f3n en el punto de venta<\/li><li>Muestras gratuitas para dar a conocer las l\u00edneas<\/li><\/ul>\t\t\t\t\t\t\t\t<\/div>\n\t\t\t\t<\/div>\n\t\t<div class=\"elementor-element elementor-element-1b45441 e-con-full e-flex e-con e-child\" data-id=\"1b45441\" data-element_type=\"container\" data-e-type=\"container\" data-settings=\"{&quot;background_background&quot;:&quot;classic&quot;}\">\n\t\t\t\t<div class=\"elementor-element elementor-element-e98c72a elementor-widget elementor-widget-heading\" data-id=\"e98c72a\" data-element_type=\"widget\" data-e-type=\"widget\" data-widget_type=\"heading.default\">\n\t\t\t\t\t<h3 class=\"elementor-heading-title elementor-size-default\">Iniciativas dedicadas <br><\/h3>\t\t\t\t<\/div>\n\t\t\t\t<div class=\"elementor-element elementor-element-3f7f53b elementor-widget elementor-widget-text-editor\" data-id=\"3f7f53b\" data-element_type=\"widget\" data-e-type=\"widget\" data-widget_type=\"text-editor.default\">\n\t\t\t\t\t\t\t\t\t<ul><li>Ofertas promocionales reservadas<\/li><li>Actividades de apoyo a las ventas<\/li><li>Asociaciones adaptadas a las necesidades de la farmacia<\/li><\/ul>\t\t\t\t\t\t\t\t<\/div>\n\t\t\t\t<\/div>\n\t\t\t\t<\/div>\n\t\t\t\t<\/div>\n\t\t\t\t\t<\/div>\n\t\t\t\t<\/div>\n\t\t<div class=\"elementor-element elementor-element-55f636f e-flex e-con-boxed e-con e-parent\" data-id=\"55f636f\" data-element_type=\"container\" data-e-type=\"container\">\n\t\t\t\t\t<div class=\"e-con-inner\">\n\t\t\t\t<div class=\"elementor-element elementor-element-87a5e06 elementor-widget elementor-widget-heading\" data-id=\"87a5e06\" data-element_type=\"widget\" data-e-type=\"widget\" data-widget_type=\"heading.default\">\n\t\t\t\t\t<h2 class=\"elementor-heading-title elementor-size-default\">Entrar en la red Farmoderm<\/h2>\t\t\t\t<\/div>\n\t\t\t\t<div class=\"elementor-element elementor-element-cff7b43 elementor-widget elementor-widget-text-editor\" data-id=\"cff7b43\" data-element_type=\"widget\" data-e-type=\"widget\" data-widget_type=\"text-editor.default\">\n\t\t\t\t\t\t\t\t\t<p><strong>Una colaboraci\u00f3n dise\u00f1ada para crecer juntos<\/strong><\/p>\t\t\t\t\t\t\t\t<\/div>\n\t\t\t\t<div class=\"elementor-element elementor-element-726e887 elementor-widget elementor-widget-text-editor\" data-id=\"726e887\" data-element_type=\"widget\" data-e-type=\"widget\" data-widget_type=\"text-editor.default\">\n\t\t\t\t\t\t\t\t\t<p>Convertirse en una farmacia de contrato Farmoderm significa formar parte de una red que comparte valores, experiencia y atenci\u00f3n a la persona.<\/p><p>Proporcionamos:<\/p><ul><li>una cartera de productos fiable y reconocida<\/li><li>apoyo cient\u00edfico y educativo<\/li><li>herramientas concretas para mejorar el asesoramiento profesional<\/li><\/ul>\t\t\t\t\t\t\t\t<\/div>\n\t\t\t\t\t<\/div>\n\t\t\t\t<\/div>\n\t\t<div class=\"elementor-element elementor-element-472e2fc e-flex e-con-boxed e-con e-parent\" data-id=\"472e2fc\" data-element_type=\"container\" data-e-type=\"container\" data-settings=\"{&quot;background_background&quot;:&quot;classic&quot;}\">\n\t\t\t\t\t<div class=\"e-con-inner\">\n\t\t<div class=\"elementor-element elementor-element-af45c3e e-con-full e-flex e-con e-child\" data-id=\"af45c3e\" data-element_type=\"container\" data-e-type=\"container\">\n\t\t<div class=\"elementor-element elementor-element-69a8658 e-con-full e-flex e-con e-child\" data-id=\"69a8658\" data-element_type=\"container\" data-e-type=\"container\">\n\t\t<div class=\"elementor-element elementor-element-ff9d4f6 e-con-full e-flex e-con e-child\" data-id=\"ff9d4f6\" data-element_type=\"container\" data-e-type=\"container\" data-settings=\"{&quot;background_background&quot;:&quot;classic&quot;}\">\n\t\t\t\t<div class=\"elementor-element elementor-element-8a557e3 elementor-widget elementor-widget-heading\" data-id=\"8a557e3\" data-element_type=\"widget\" data-e-type=\"widget\" data-widget_type=\"heading.default\">\n\t\t\t\t\t<h2 class=\"elementor-heading-title elementor-size-default\">\u00bfQuieres convertirte en una farmacia autorizada Farmoderm?<\/h2>\t\t\t\t<\/div>\n\t\t\t\t<\/div>\n\t\t<div class=\"elementor-element elementor-element-80f2506 e-con-full e-flex e-con e-child\" data-id=\"80f2506\" data-element_type=\"container\" data-e-type=\"container\" data-settings=\"{&quot;background_background&quot;:&quot;classic&quot;}\">\n\t\t\t\t<div class=\"elementor-element elementor-element-7119c39 elementor-widget elementor-widget-heading\" data-id=\"7119c39\" data-element_type=\"widget\" data-e-type=\"widget\" data-widget_type=\"heading.default\">\n\t\t\t\t\t<h3 class=\"elementor-heading-title elementor-size-default\">Cu\u00e9ntanos tu realidad, construyamos juntos una asociaci\u00f3n<\/h3>\t\t\t\t<\/div>\n\t\t\t\t<div class=\"elementor-element elementor-element-cc6c6c7 elementor-widget elementor-widget-text-editor\" data-id=\"cc6c6c7\" data-element_type=\"widget\" data-e-type=\"widget\" data-widget_type=\"text-editor.default\">\n\t\t\t\t\t\t\t\t\t<p>Si eres una farmacia interesada en ofrecer a tus clientes soluciones dermocosm\u00e9ticas de calidad respaldadas por la investigaci\u00f3n cient\u00edfica y la formaci\u00f3n continua, <strong>Farmoderm es el socio adecuado<\/strong>.<\/p><p>Escribe a <a class=\"ProsemirrorEditor-link\" style=\"color: #004993;\" href=\"mailto:retail@farmoderm.it\">retail@farmoderm.it <\/a><span style=\"font-family: -apple-system, BlinkMacSystemFont, 'Segoe UI', Roboto, 'Helvetica Neue', Arial, 'Noto Sans', sans-serif, 'Apple Color Emoji', 'Segoe UI Emoji', 'Segoe UI Symbol', 'Noto Color Emoji';\">para recibir informaci\u00f3n sobre la convenci\u00f3n, los servicios dedicados y c\u00f3mo colaborar<\/span>.<\/p><p>Nuestro equipo se pondr\u00e1 en contacto contigo para evaluar juntos la soluci\u00f3n m\u00e1s adecuada para tu farmacia.<\/p>\t\t\t\t\t\t\t\t<\/div>\n\t\t\t\t<\/div>\n\t\t\t\t<\/div>\n\t\t\t\t<\/div>\n\t\t\t\t\t<\/div>\n\t\t\t\t<\/div>\n\t\t<div class=\"elementor-element elementor-element-463d555 e-con-full invo-bm-bottom-map-sec e-flex e-con e-parent\" data-id=\"463d555\" data-element_type=\"container\" data-e-type=\"container\" data-settings=\"{&quot;background_background&quot;:&quot;classic&quot;}\">\n\t\t\t\t<div class=\"elementor-element elementor-element-175a42c elementor-widget elementor-widget-html\" data-id=\"175a42c\" data-element_type=\"widget\" data-e-type=\"widget\" data-widget_type=\"html.default\">\n\t\t\t\t\t<iframe src=\"https:\/\/www.google.com\/maps\/d\/embed?mid=14lwHO-G8nFjxNVkpEBkHcQi59NxpSGOa\" width=\"100%\" height=\"600\"><\/iframe>\t\t\t\t<\/div>\n\t\t\t\t<\/div>\n\t\t\t\t<\/div>\n\t\t","protected":false},"excerpt":{"rendered":"<p>Farmacias afiliadas Una referencia en dermocosm\u00e9tica para pieles sensibles Los Laboratorios Farmoderm Pharmodermatological colaboran con farmacias y profesionales de la salud desde hace m\u00e1s de treinta a\u00f1os, ofreciendo soluciones dermocosm\u00e9ticas fiables, seguras y cient\u00edficamente validadas. Las farmacias afiliadas a Farmoderm representan un canal privilegiado para hacer accesible la investigaci\u00f3n farmacodermatol\u00f3gica a quienes cuidan de las [&hellip;]<\/p>\n","protected":false},"author":2,"featured_media":0,"parent":0,"menu_order":0,"comment_status":"closed","ping_status":"closed","template":"","meta":{"footnotes":""},"class_list":["post-6697","page","type-page","status-publish","hentry"],"yoast_head":"<!-- This site is optimized with the Yoast SEO plugin v27.1.1 - https:\/\/yoast.com\/product\/yoast-seo-wordpress\/ -->\n<title>Farmacias afiliadas - Farmoderm.it<\/title>\n<meta name=\"robots\" content=\"index, follow, max-snippet:-1, max-image-preview:large, max-video-preview:-1\" \/>\n<link rel=\"canonical\" href=\"https:\/\/farmoderm.it\/es\/farmacias-afiliadas\/\" \/>\n<meta property=\"og:locale\" content=\"es_ES\" \/>\n<meta property=\"og:type\" content=\"article\" \/>\n<meta property=\"og:title\" content=\"Farmacias afiliadas - Farmoderm.it\" \/>\n<meta property=\"og:description\" content=\"Farmacias afiliadas Una referencia en dermocosm\u00e9tica para pieles sensibles Los Laboratorios Farmoderm Pharmodermatological colaboran con farmacias y profesionales de la salud desde hace m\u00e1s de treinta a\u00f1os, ofreciendo soluciones dermocosm\u00e9ticas fiables, seguras y cient\u00edficamente validadas. Las farmacias afiliadas a Farmoderm representan un canal privilegiado para hacer accesible la investigaci\u00f3n farmacodermatol\u00f3gica a quienes cuidan de las [&hellip;]\" \/>\n<meta property=\"og:url\" content=\"https:\/\/farmoderm.it\/es\/farmacias-afiliadas\/\" \/>\n<meta property=\"og:site_name\" content=\"Farmoderm.it\" \/>\n<meta property=\"article:modified_time\" content=\"2026-03-10T11:28:31+00:00\" \/>\n<meta name=\"twitter:card\" content=\"summary_large_image\" \/>\n<meta name=\"twitter:label1\" content=\"Tiempo de lectura\" \/>\n\t<meta name=\"twitter:data1\" content=\"2 minutos\" \/>\n<script type=\"application\/ld+json\" class=\"yoast-schema-graph\">{\"@context\":\"https:\/\/schema.org\",\"@graph\":[{\"@type\":\"WebPage\",\"@id\":\"https:\/\/farmoderm.it\/es\/farmacias-afiliadas\/\",\"url\":\"https:\/\/farmoderm.it\/es\/farmacias-afiliadas\/\",\"name\":\"Farmacias afiliadas - Farmoderm.it\",\"isPartOf\":{\"@id\":\"https:\/\/farmoderm.it\/es\/#website\"},\"datePublished\":\"2026-01-12T14:30:41+00:00\",\"dateModified\":\"2026-03-10T11:28:31+00:00\",\"breadcrumb\":{\"@id\":\"https:\/\/farmoderm.it\/es\/farmacias-afiliadas\/#breadcrumb\"},\"inLanguage\":\"es\",\"potentialAction\":[{\"@type\":\"ReadAction\",\"target\":[\"https:\/\/farmoderm.it\/es\/farmacias-afiliadas\/\"]}]},{\"@type\":\"BreadcrumbList\",\"@id\":\"https:\/\/farmoderm.it\/es\/farmacias-afiliadas\/#breadcrumb\",\"itemListElement\":[{\"@type\":\"ListItem\",\"position\":1,\"name\":\"Home\",\"item\":\"https:\/\/farmoderm.it\/es\/pagina-de-inicio\/\"},{\"@type\":\"ListItem\",\"position\":2,\"name\":\"Farmacias afiliadas\"}]},{\"@type\":\"WebSite\",\"@id\":\"https:\/\/farmoderm.it\/es\/#website\",\"url\":\"https:\/\/farmoderm.it\/es\/\",\"name\":\"Farmoderm.it\",\"description\":\"\",\"potentialAction\":[{\"@type\":\"SearchAction\",\"target\":{\"@type\":\"EntryPoint\",\"urlTemplate\":\"https:\/\/farmoderm.it\/es\/?s={search_term_string}\"},\"query-input\":{\"@type\":\"PropertyValueSpecification\",\"valueRequired\":true,\"valueName\":\"search_term_string\"}}],\"inLanguage\":\"es\"}]}<\/script>\n<!-- \/ Yoast SEO plugin. -->","yoast_head_json":{"title":"Farmacias afiliadas - Farmoderm.it","robots":{"index":"index","follow":"follow","max-snippet":"max-snippet:-1","max-image-preview":"max-image-preview:large","max-video-preview":"max-video-preview:-1"},"canonical":"https:\/\/farmoderm.it\/es\/farmacias-afiliadas\/","og_locale":"es_ES","og_type":"article","og_title":"Farmacias afiliadas - Farmoderm.it","og_description":"Farmacias afiliadas Una referencia en dermocosm\u00e9tica para pieles sensibles Los Laboratorios Farmoderm Pharmodermatological colaboran con farmacias y profesionales de la salud desde hace m\u00e1s de treinta a\u00f1os, ofreciendo soluciones dermocosm\u00e9ticas fiables, seguras y cient\u00edficamente validadas. Las farmacias afiliadas a Farmoderm representan un canal privilegiado para hacer accesible la investigaci\u00f3n farmacodermatol\u00f3gica a quienes cuidan de las [&hellip;]","og_url":"https:\/\/farmoderm.it\/es\/farmacias-afiliadas\/","og_site_name":"Farmoderm.it","article_modified_time":"2026-03-10T11:28:31+00:00","twitter_card":"summary_large_image","twitter_misc":{"Tiempo de lectura":"2 minutos"},"schema":{"@context":"https:\/\/schema.org","@graph":[{"@type":"WebPage","@id":"https:\/\/farmoderm.it\/es\/farmacias-afiliadas\/","url":"https:\/\/farmoderm.it\/es\/farmacias-afiliadas\/","name":"Farmacias afiliadas - Farmoderm.it","isPartOf":{"@id":"https:\/\/farmoderm.it\/es\/#website"},"datePublished":"2026-01-12T14:30:41+00:00","dateModified":"2026-03-10T11:28:31+00:00","breadcrumb":{"@id":"https:\/\/farmoderm.it\/es\/farmacias-afiliadas\/#breadcrumb"},"inLanguage":"es","potentialAction":[{"@type":"ReadAction","target":["https:\/\/farmoderm.it\/es\/farmacias-afiliadas\/"]}]},{"@type":"BreadcrumbList","@id":"https:\/\/farmoderm.it\/es\/farmacias-afiliadas\/#breadcrumb","itemListElement":[{"@type":"ListItem","position":1,"name":"Home","item":"https:\/\/farmoderm.it\/es\/pagina-de-inicio\/"},{"@type":"ListItem","position":2,"name":"Farmacias afiliadas"}]},{"@type":"WebSite","@id":"https:\/\/farmoderm.it\/es\/#website","url":"https:\/\/farmoderm.it\/es\/","name":"Farmoderm.it","description":"","potentialAction":[{"@type":"SearchAction","target":{"@type":"EntryPoint","urlTemplate":"https:\/\/farmoderm.it\/es\/?s={search_term_string}"},"query-input":{"@type":"PropertyValueSpecification","valueRequired":true,"valueName":"search_term_string"}}],"inLanguage":"es"}]}},"_links":{"self":[{"href":"https:\/\/farmoderm.it\/es\/wp-json\/wp\/v2\/pages\/6697","targetHints":{"allow":["GET"]}}],"collection":[{"href":"https:\/\/farmoderm.it\/es\/wp-json\/wp\/v2\/pages"}],"about":[{"href":"https:\/\/farmoderm.it\/es\/wp-json\/wp\/v2\/types\/page"}],"author":[{"embeddable":true,"href":"https:\/\/farmoderm.it\/es\/wp-json\/wp\/v2\/users\/2"}],"replies":[{"embeddable":true,"href":"https:\/\/farmoderm.it\/es\/wp-json\/wp\/v2\/comments?post=6697"}],"version-history":[{"count":1,"href":"https:\/\/farmoderm.it\/es\/wp-json\/wp\/v2\/pages\/6697\/revisions"}],"predecessor-version":[{"id":6700,"href":"https:\/\/farmoderm.it\/es\/wp-json\/wp\/v2\/pages\/6697\/revisions\/6700"}],"wp:attachment":[{"href":"https:\/\/farmoderm.it\/es\/wp-json\/wp\/v2\/media?parent=6697"}],"curies":[{"name":"wp","href":"https:\/\/api.w.org\/{rel}","templated":true}]}}