{"id":6667,"date":"2026-01-12T14:30:41","date_gmt":"2026-01-12T14:30:41","guid":{"rendered":"https:\/\/farmoderm.it\/pharmacies-affiliees\/"},"modified":"2026-03-10T11:22:05","modified_gmt":"2026-03-10T11:22:05","slug":"pharmacies-affiliees","status":"publish","type":"page","link":"https:\/\/farmoderm.it\/fr\/pharmacies-affiliees\/","title":{"rendered":"Pharmacies affili\u00e9es"},"content":{"rendered":"\t\t<div data-elementor-type=\"wp-page\" data-elementor-id=\"6667\" class=\"elementor elementor-6667 elementor-580\" data-elementor-post-type=\"page\">\n\t\t\t\t<div class=\"elementor-element elementor-element-ebaed3e e-flex e-con-boxed e-con e-parent\" data-id=\"ebaed3e\" data-element_type=\"container\" data-e-type=\"container\">\n\t\t\t\t\t<div class=\"e-con-inner\">\n\t\t\t\t<div class=\"elementor-element elementor-element-68f1453 elementor-widget elementor-widget-breadcrumbs\" data-id=\"68f1453\" data-element_type=\"widget\" data-e-type=\"widget\" data-widget_type=\"breadcrumbs.default\">\n\t\t\t\t\t<p id=\"breadcrumbs\"><span><span><a href=\"https:\/\/farmoderm.it\/fr\/page-daccueil\/\">Home<\/a><\/span><\/span><\/p>\t\t\t\t<\/div>\n\t\t\t\t<div class=\"elementor-element elementor-element-a511404 elementor-widget elementor-widget-heading\" data-id=\"a511404\" data-element_type=\"widget\" data-e-type=\"widget\" data-widget_type=\"heading.default\">\n\t\t\t\t\t<h1 class=\"elementor-heading-title elementor-size-default\">Pharmacies affili\u00e9es<\/h1>\t\t\t\t<\/div>\n\t\t\t\t<div class=\"elementor-element elementor-element-d218d31 elementor-widget elementor-widget-text-editor\" data-id=\"d218d31\" data-element_type=\"widget\" data-e-type=\"widget\" data-widget_type=\"text-editor.default\">\n\t\t\t\t\t\t\t\t\t<p><strong>Une r\u00e9f\u00e9rence en mati\u00e8re de dermocosm\u00e9tique pour peaux sensibles<\/strong><\/p>\t\t\t\t\t\t\t\t<\/div>\n\t\t\t\t<div class=\"elementor-element elementor-element-707a40c elementor-widget elementor-widget-text-editor\" data-id=\"707a40c\" data-element_type=\"widget\" data-e-type=\"widget\" data-widget_type=\"text-editor.default\">\n\t\t\t\t\t\t\t\t\t<p>Les Laboratoires Pharmodermatologiques Farmoderm travaillent depuis plus de trente ans avec les pharmacies et les professionnels de la sant\u00e9, en proposant des solutions dermocosm\u00e9tiques fiables, s\u00fbres et scientifiquement valid\u00e9es.<\/p><p>Les pharmacies affili\u00e9es \u00e0 Farmoderm repr\u00e9sentent un <strong>canal privil\u00e9gi\u00e9<\/strong> pour rendre la recherche pharmacodermatologique accessible \u00e0 ceux qui prennent soin des personnes au quotidien, en particulier celles <strong>dont la peau est sensible, fragile ou \u00e0 besoins sp\u00e9cifiques.<\/strong><\/p>\t\t\t\t\t\t\t\t<\/div>\n\t\t\t\t\t<\/div>\n\t\t\t\t<\/div>\n\t\t<div class=\"elementor-element elementor-element-e35095e e-flex e-con-boxed e-con e-parent\" data-id=\"e35095e\" data-element_type=\"container\" data-e-type=\"container\" data-settings=\"{&quot;background_background&quot;:&quot;classic&quot;}\">\n\t\t\t\t\t<div class=\"e-con-inner\">\n\t\t<div class=\"elementor-element elementor-element-e69fcb4 e-con-full e-flex e-con e-child\" data-id=\"e69fcb4\" data-element_type=\"container\" data-e-type=\"container\">\n\t\t<div class=\"elementor-element elementor-element-3bd0947 e-con-full e-flex e-con e-child\" data-id=\"3bd0947\" data-element_type=\"container\" data-e-type=\"container\">\n\t\t<div class=\"elementor-element elementor-element-2dd5cfe e-con-full e-flex e-con e-child\" data-id=\"2dd5cfe\" data-element_type=\"container\" data-e-type=\"container\" data-settings=\"{&quot;background_background&quot;:&quot;classic&quot;}\">\n\t\t\t\t<\/div>\n\t\t<div class=\"elementor-element elementor-element-e88e218 e-con-full e-flex e-con e-child\" data-id=\"e88e218\" data-element_type=\"container\" data-e-type=\"container\" data-settings=\"{&quot;background_background&quot;:&quot;classic&quot;}\">\n\t\t\t\t<div class=\"elementor-element elementor-element-43d61c1 elementor-widget elementor-widget-heading\" data-id=\"43d61c1\" data-element_type=\"widget\" data-e-type=\"widget\" data-widget_type=\"heading.default\">\n\t\t\t\t\t<h2 class=\"elementor-heading-title elementor-size-default\">Pourquoi choisir Farmoderm<\/h2>\t\t\t\t<\/div>\n\t\t\t\t<div class=\"elementor-element elementor-element-d5f9906 elementor-widget elementor-widget-heading\" data-id=\"d5f9906\" data-element_type=\"widget\" data-e-type=\"widget\" data-widget_type=\"heading.default\">\n\t\t\t\t\t<h3 class=\"elementor-heading-title elementor-size-default\">Une expertise scientifique reconnue par le monde de la sant\u00e9<\/h3>\t\t\t\t<\/div>\n\t\t\t\t<div class=\"elementor-element elementor-element-6c83876 elementor-widget elementor-widget-text-editor\" data-id=\"6c83876\" data-element_type=\"widget\" data-e-type=\"widget\" data-widget_type=\"text-editor.default\">\n\t\t\t\t\t\t\t\t\t<p>Farmoderm est reconnu par les professionnels de sant\u00e9 comme un p\u00f4le d&rsquo;excellence dans l&rsquo;\u00e9tude, la recherche et le d\u00e9veloppement de formulations pharmacodermatologiques.<br>Depuis plus de 30 ans, nous d\u00e9veloppons et commercialisons des produits pour.. :<\/p><ul><li>hygi\u00e8ne quotidienne<\/li><li>la pr\u00e9vention dermatologique<\/li><li>protection et soin des peaux sensibles<\/li><\/ul><p>Nous collaborons activement avec des <strong>universit\u00e9s et des instituts de recherche<\/strong> pour valider l&rsquo;efficacit\u00e9 de nos formulations par le biais d&rsquo;<strong>\u00e9tudes cliniques ind\u00e9pendantes<\/strong>, garantissant des r\u00e9sultats concrets et fiables.<\/p><p>Les produits Farmoderm sont con\u00e7us pour soutenir la pharmacie dans la pr\u00e9vention des complications cutan\u00e9es et dans la bonne gestion de l&rsquo;hygi\u00e8ne personnelle, m\u00eame dans des contextes fragiles.<\/p>\t\t\t\t\t\t\t\t<\/div>\n\t\t\t\t<\/div>\n\t\t\t\t<\/div>\n\t\t\t\t<\/div>\n\t\t\t\t\t<\/div>\n\t\t\t\t<\/div>\n\t\t<div class=\"elementor-element elementor-element-6cae9cc e-flex e-con-boxed e-con e-parent\" data-id=\"6cae9cc\" data-element_type=\"container\" data-e-type=\"container\">\n\t\t\t\t\t<div class=\"e-con-inner\">\n\t\t\t\t<div class=\"elementor-element elementor-element-97bbe37 elementor-widget elementor-widget-heading\" data-id=\"97bbe37\" data-element_type=\"widget\" data-e-type=\"widget\" data-widget_type=\"heading.default\">\n\t\t\t\t\t<h2 class=\"elementor-heading-title elementor-size-default\">Un partenaire pour la pharmacie<\/h2>\t\t\t\t<\/div>\n\t\t\t\t<div class=\"elementor-element elementor-element-db497b5 elementor-widget elementor-widget-text-editor\" data-id=\"db497b5\" data-element_type=\"widget\" data-e-type=\"widget\" data-widget_type=\"text-editor.default\">\n\t\t\t\t\t\t\t\t\t<p><strong>Pas seulement des produits, mais un soutien continu<\/strong><\/p>\t\t\t\t\t\t\t\t<\/div>\n\t\t\t\t<div class=\"elementor-element elementor-element-9dd414c elementor-widget elementor-widget-text-editor\" data-id=\"9dd414c\" data-element_type=\"widget\" data-e-type=\"widget\" data-widget_type=\"text-editor.default\">\n\t\t\t\t\t\t\t\t\t<p>Farmoderm travaille chaque jour \u00e0 rendre la recherche pharmacodermatologique <strong>r\u00e9ellement accessible<\/strong>, sans perdre de vue les besoins op\u00e9rationnels et professionnels des pharmacies partenaires.<\/p><p>Nous croyons en un partenariat bas\u00e9 sur une <strong>formation, une mise \u00e0 jour et un accompagnement constants<\/strong>, afin de renforcer le r\u00f4le de conseil du pharmacien.<\/p>\t\t\t\t\t\t\t\t<\/div>\n\t\t\t\t\t<\/div>\n\t\t\t\t<\/div>\n\t\t<div class=\"elementor-element elementor-element-e03ffcc e-flex e-con-boxed e-con e-parent\" data-id=\"e03ffcc\" data-element_type=\"container\" data-e-type=\"container\" data-settings=\"{&quot;background_background&quot;:&quot;classic&quot;}\">\n\t\t\t\t\t<div class=\"e-con-inner\">\n\t\t<div class=\"elementor-element elementor-element-e16d393 e-con-full e-flex e-con e-child\" data-id=\"e16d393\" data-element_type=\"container\" data-e-type=\"container\">\n\t\t<div class=\"elementor-element elementor-element-078498c e-con-full e-flex e-con e-child\" data-id=\"078498c\" data-element_type=\"container\" data-e-type=\"container\">\n\t\t<div class=\"elementor-element elementor-element-782946b e-con-full e-flex e-con e-child\" data-id=\"782946b\" data-element_type=\"container\" data-e-type=\"container\" data-settings=\"{&quot;background_background&quot;:&quot;classic&quot;}\">\n\t\t\t\t<div class=\"elementor-element elementor-element-cbcfd36 elementor-widget elementor-widget-heading\" data-id=\"cbcfd36\" data-element_type=\"widget\" data-e-type=\"widget\" data-widget_type=\"heading.default\">\n\t\t\t\t\t<h2 class=\"elementor-heading-title elementor-size-default\">Services d'appui aux pharmacies sous contrat<\/h2>\t\t\t\t<\/div>\n\t\t\t\t<\/div>\n\t\t\t\t<\/div>\n\t\t<div class=\"elementor-element elementor-element-8825127 e-con-full e-flex e-con e-child\" data-id=\"8825127\" data-element_type=\"container\" data-e-type=\"container\">\n\t\t<div class=\"elementor-element elementor-element-5f359c3 e-con-full e-flex e-con e-child\" data-id=\"5f359c3\" data-element_type=\"container\" data-e-type=\"container\" data-settings=\"{&quot;background_background&quot;:&quot;classic&quot;}\">\n\t\t\t\t<div class=\"elementor-element elementor-element-8655c0a elementor-widget elementor-widget-heading\" data-id=\"8655c0a\" data-element_type=\"widget\" data-e-type=\"widget\" data-widget_type=\"heading.default\">\n\t\t\t\t\t<h3 class=\"elementor-heading-title elementor-size-default\">Formation et mise \u00e0 jour<\/h3>\t\t\t\t<\/div>\n\t\t\t\t<div class=\"elementor-element elementor-element-4068d33 elementor-widget elementor-widget-text-editor\" data-id=\"4068d33\" data-element_type=\"widget\" data-e-type=\"widget\" data-widget_type=\"text-editor.default\">\n\t\t\t\t\t\t\t\t\t<ul><li>Cours de formation sp\u00e9cialis\u00e9s<\/li><li>Mise \u00e0 jour des \u00e9tudes cliniques et des preuves scientifiques<\/li><li>Soutien aux protocoles d&rsquo;utilisation des produits<\/li><\/ul>\t\t\t\t\t\t\t\t<\/div>\n\t\t\t\t<\/div>\n\t\t<div class=\"elementor-element elementor-element-58ec0b3 e-con-full e-flex e-con e-child\" data-id=\"58ec0b3\" data-element_type=\"container\" data-e-type=\"container\" data-settings=\"{&quot;background_background&quot;:&quot;classic&quot;}\">\n\t\t\t\t<div class=\"elementor-element elementor-element-b7759b5 elementor-widget elementor-widget-heading\" data-id=\"b7759b5\" data-element_type=\"widget\" data-e-type=\"widget\" data-widget_type=\"heading.default\">\n\t\t\t\t\t<h3 class=\"elementor-heading-title elementor-size-default\">Soutien op\u00e9rationnel<\/h3>\t\t\t\t<\/div>\n\t\t\t\t<div class=\"elementor-element elementor-element-883a56a elementor-widget elementor-widget-text-editor\" data-id=\"883a56a\" data-element_type=\"widget\" data-e-type=\"widget\" data-widget_type=\"text-editor.default\">\n\t\t\t\t\t\t\t\t\t<ul><li>Informations d\u00e9taill\u00e9es sur les produits et les m\u00e9thodes d&rsquo;application<\/li><li>Mat\u00e9riel d&rsquo;affichage sur le lieu de vente<\/li><li>\u00c9chantillons gratuits pour faire conna\u00eetre les lignes<\/li><\/ul>\t\t\t\t\t\t\t\t<\/div>\n\t\t\t\t<\/div>\n\t\t<div class=\"elementor-element elementor-element-1b45441 e-con-full e-flex e-con e-child\" data-id=\"1b45441\" data-element_type=\"container\" data-e-type=\"container\" data-settings=\"{&quot;background_background&quot;:&quot;classic&quot;}\">\n\t\t\t\t<div class=\"elementor-element elementor-element-e98c72a elementor-widget elementor-widget-heading\" data-id=\"e98c72a\" data-element_type=\"widget\" data-e-type=\"widget\" data-widget_type=\"heading.default\">\n\t\t\t\t\t<h3 class=\"elementor-heading-title elementor-size-default\">Initiatives d\u00e9di\u00e9es <br><\/h3>\t\t\t\t<\/div>\n\t\t\t\t<div class=\"elementor-element elementor-element-3f7f53b elementor-widget elementor-widget-text-editor\" data-id=\"3f7f53b\" data-element_type=\"widget\" data-e-type=\"widget\" data-widget_type=\"text-editor.default\">\n\t\t\t\t\t\t\t\t\t<ul><li>Offres promotionnelles r\u00e9serv\u00e9es<\/li><li>Activit\u00e9s de soutien \u00e0 la vente<\/li><li>Des partenariats adapt\u00e9s aux besoins des pharmacies<\/li><\/ul>\t\t\t\t\t\t\t\t<\/div>\n\t\t\t\t<\/div>\n\t\t\t\t<\/div>\n\t\t\t\t<\/div>\n\t\t\t\t\t<\/div>\n\t\t\t\t<\/div>\n\t\t<div class=\"elementor-element elementor-element-55f636f e-flex e-con-boxed e-con e-parent\" data-id=\"55f636f\" data-element_type=\"container\" data-e-type=\"container\">\n\t\t\t\t\t<div class=\"e-con-inner\">\n\t\t\t\t<div class=\"elementor-element elementor-element-87a5e06 elementor-widget elementor-widget-heading\" data-id=\"87a5e06\" data-element_type=\"widget\" data-e-type=\"widget\" data-widget_type=\"heading.default\">\n\t\t\t\t\t<h2 class=\"elementor-heading-title elementor-size-default\">Entrer dans le r\u00e9seau Farmoderm<\/h2>\t\t\t\t<\/div>\n\t\t\t\t<div class=\"elementor-element elementor-element-cff7b43 elementor-widget elementor-widget-text-editor\" data-id=\"cff7b43\" data-element_type=\"widget\" data-e-type=\"widget\" data-widget_type=\"text-editor.default\">\n\t\t\t\t\t\t\t\t\t<p><strong>Une collaboration con\u00e7ue pour grandir ensemble<\/strong><\/p>\t\t\t\t\t\t\t\t<\/div>\n\t\t\t\t<div class=\"elementor-element elementor-element-726e887 elementor-widget elementor-widget-text-editor\" data-id=\"726e887\" data-element_type=\"widget\" data-e-type=\"widget\" data-widget_type=\"text-editor.default\">\n\t\t\t\t\t\t\t\t\t<p>Devenir une pharmacie conventionn\u00e9e Farmoderm, c&rsquo;est faire partie d&rsquo;un r\u00e9seau qui partage des valeurs, une expertise et un souci de l&rsquo;individu.<\/p><p>Nous fournissons :<\/p><ul><li>un portefeuille de produits fiables et reconnus<\/li><li>soutien scientifique et \u00e9ducatif<\/li><li>des outils concrets pour am\u00e9liorer les conseils professionnels<\/li><\/ul>\t\t\t\t\t\t\t\t<\/div>\n\t\t\t\t\t<\/div>\n\t\t\t\t<\/div>\n\t\t<div class=\"elementor-element elementor-element-472e2fc e-flex e-con-boxed e-con e-parent\" data-id=\"472e2fc\" data-element_type=\"container\" data-e-type=\"container\" data-settings=\"{&quot;background_background&quot;:&quot;classic&quot;}\">\n\t\t\t\t\t<div class=\"e-con-inner\">\n\t\t<div class=\"elementor-element elementor-element-af45c3e e-con-full e-flex e-con e-child\" data-id=\"af45c3e\" data-element_type=\"container\" data-e-type=\"container\">\n\t\t<div class=\"elementor-element elementor-element-69a8658 e-con-full e-flex e-con e-child\" data-id=\"69a8658\" data-element_type=\"container\" data-e-type=\"container\">\n\t\t<div class=\"elementor-element elementor-element-ff9d4f6 e-con-full e-flex e-con e-child\" data-id=\"ff9d4f6\" data-element_type=\"container\" data-e-type=\"container\" data-settings=\"{&quot;background_background&quot;:&quot;classic&quot;}\">\n\t\t\t\t<div class=\"elementor-element elementor-element-8a557e3 elementor-widget elementor-widget-heading\" data-id=\"8a557e3\" data-element_type=\"widget\" data-e-type=\"widget\" data-widget_type=\"heading.default\">\n\t\t\t\t\t<h2 class=\"elementor-heading-title elementor-size-default\">Vous souhaitez devenir une pharmacie agr\u00e9\u00e9e Farmoderm ?<\/h2>\t\t\t\t<\/div>\n\t\t\t\t<\/div>\n\t\t<div class=\"elementor-element elementor-element-80f2506 e-con-full e-flex e-con e-child\" data-id=\"80f2506\" data-element_type=\"container\" data-e-type=\"container\" data-settings=\"{&quot;background_background&quot;:&quot;classic&quot;}\">\n\t\t\t\t<div class=\"elementor-element elementor-element-7119c39 elementor-widget elementor-widget-heading\" data-id=\"7119c39\" data-element_type=\"widget\" data-e-type=\"widget\" data-widget_type=\"heading.default\">\n\t\t\t\t\t<h3 class=\"elementor-heading-title elementor-size-default\">Racontez-nous votre r\u00e9alit\u00e9, construisons ensemble un partenariat<\/h3>\t\t\t\t<\/div>\n\t\t\t\t<div class=\"elementor-element elementor-element-cc6c6c7 elementor-widget elementor-widget-text-editor\" data-id=\"cc6c6c7\" data-element_type=\"widget\" data-e-type=\"widget\" data-widget_type=\"text-editor.default\">\n\t\t\t\t\t\t\t\t\t<p>Si vous \u00eates une pharmacie d\u00e9sireuse d&rsquo;offrir \u00e0 vos clients des solutions dermocosm\u00e9tiques de qualit\u00e9, soutenues par la recherche scientifique et la formation continue, <strong>Farmoderm est le partenaire qu&rsquo;il vous faut<\/strong>.<\/p><p>\u00c9crivez \u00e0 <a class=\"ProsemirrorEditor-link\" style=\"color: #004993;\" href=\"mailto:retail@farmoderm.it\">retail@farmoderm.it <\/a><span style=\"font-family: -apple-system, BlinkMacSystemFont, 'Segoe UI', Roboto, 'Helvetica Neue', Arial, 'Noto Sans', sans-serif, 'Apple Color Emoji', 'Segoe UI Emoji', 'Segoe UI Symbol', 'Noto Color Emoji';\">pour recevoir des informations sur la convention, les services d\u00e9di\u00e9s et les modalit\u00e9s de collaboration.<\/span><\/p><p>Notre \u00e9quipe vous contactera pour \u00e9valuer ensemble la solution la plus adapt\u00e9e \u00e0 votre pharmacie.<\/p>\t\t\t\t\t\t\t\t<\/div>\n\t\t\t\t<\/div>\n\t\t\t\t<\/div>\n\t\t\t\t<\/div>\n\t\t\t\t\t<\/div>\n\t\t\t\t<\/div>\n\t\t<div class=\"elementor-element elementor-element-463d555 e-con-full invo-bm-bottom-map-sec e-flex e-con e-parent\" data-id=\"463d555\" data-element_type=\"container\" data-e-type=\"container\" data-settings=\"{&quot;background_background&quot;:&quot;classic&quot;}\">\n\t\t\t\t<div class=\"elementor-element elementor-element-175a42c elementor-widget elementor-widget-html\" data-id=\"175a42c\" data-element_type=\"widget\" data-e-type=\"widget\" data-widget_type=\"html.default\">\n\t\t\t\t\t<iframe src=\"https:\/\/www.google.com\/maps\/d\/embed?mid=14lwHO-G8nFjxNVkpEBkHcQi59NxpSGOa\" width=\"100%\" height=\"600\"><\/iframe>\t\t\t\t<\/div>\n\t\t\t\t<\/div>\n\t\t\t\t<\/div>\n\t\t","protected":false},"excerpt":{"rendered":"<p>Pharmacies affili\u00e9es Une r\u00e9f\u00e9rence en mati\u00e8re de dermocosm\u00e9tique pour peaux sensibles Les Laboratoires Pharmodermatologiques Farmoderm travaillent depuis plus de trente ans avec les pharmacies et les professionnels de la sant\u00e9, en proposant des solutions dermocosm\u00e9tiques fiables, s\u00fbres et scientifiquement valid\u00e9es. Les pharmacies affili\u00e9es \u00e0 Farmoderm repr\u00e9sentent un canal privil\u00e9gi\u00e9 pour rendre la recherche pharmacodermatologique accessible [&hellip;]<\/p>\n","protected":false},"author":2,"featured_media":0,"parent":0,"menu_order":0,"comment_status":"closed","ping_status":"closed","template":"","meta":{"footnotes":""},"class_list":["post-6667","page","type-page","status-publish","hentry"],"yoast_head":"<!-- This site is optimized with the Yoast SEO plugin v27.1.1 - https:\/\/yoast.com\/product\/yoast-seo-wordpress\/ -->\n<title>Pharmacies affili\u00e9es - Farmoderm.it<\/title>\n<meta name=\"robots\" content=\"index, follow, max-snippet:-1, max-image-preview:large, max-video-preview:-1\" \/>\n<link rel=\"canonical\" href=\"https:\/\/farmoderm.it\/fr\/pharmacies-affiliees\/\" \/>\n<meta property=\"og:locale\" content=\"fr_FR\" \/>\n<meta property=\"og:type\" content=\"article\" \/>\n<meta property=\"og:title\" content=\"Pharmacies affili\u00e9es - Farmoderm.it\" \/>\n<meta property=\"og:description\" content=\"Pharmacies affili\u00e9es Une r\u00e9f\u00e9rence en mati\u00e8re de dermocosm\u00e9tique pour peaux sensibles Les Laboratoires Pharmodermatologiques Farmoderm travaillent depuis plus de trente ans avec les pharmacies et les professionnels de la sant\u00e9, en proposant des solutions dermocosm\u00e9tiques fiables, s\u00fbres et scientifiquement valid\u00e9es. Les pharmacies affili\u00e9es \u00e0 Farmoderm repr\u00e9sentent un canal privil\u00e9gi\u00e9 pour rendre la recherche pharmacodermatologique accessible [&hellip;]\" \/>\n<meta property=\"og:url\" content=\"https:\/\/farmoderm.it\/fr\/pharmacies-affiliees\/\" \/>\n<meta property=\"og:site_name\" content=\"Farmoderm.it\" \/>\n<meta property=\"article:modified_time\" content=\"2026-03-10T11:22:05+00:00\" \/>\n<meta name=\"twitter:card\" content=\"summary_large_image\" \/>\n<meta name=\"twitter:label1\" content=\"Dur\u00e9e de lecture estim\u00e9e\" \/>\n\t<meta name=\"twitter:data1\" content=\"2 minutes\" \/>\n<script type=\"application\/ld+json\" class=\"yoast-schema-graph\">{\"@context\":\"https:\/\/schema.org\",\"@graph\":[{\"@type\":\"WebPage\",\"@id\":\"https:\/\/farmoderm.it\/fr\/pharmacies-affiliees\/\",\"url\":\"https:\/\/farmoderm.it\/fr\/pharmacies-affiliees\/\",\"name\":\"Pharmacies affili\u00e9es - Farmoderm.it\",\"isPartOf\":{\"@id\":\"https:\/\/farmoderm.it\/fr\/#website\"},\"datePublished\":\"2026-01-12T14:30:41+00:00\",\"dateModified\":\"2026-03-10T11:22:05+00:00\",\"breadcrumb\":{\"@id\":\"https:\/\/farmoderm.it\/fr\/pharmacies-affiliees\/#breadcrumb\"},\"inLanguage\":\"fr-FR\",\"potentialAction\":[{\"@type\":\"ReadAction\",\"target\":[\"https:\/\/farmoderm.it\/fr\/pharmacies-affiliees\/\"]}]},{\"@type\":\"BreadcrumbList\",\"@id\":\"https:\/\/farmoderm.it\/fr\/pharmacies-affiliees\/#breadcrumb\",\"itemListElement\":[{\"@type\":\"ListItem\",\"position\":1,\"name\":\"Home\",\"item\":\"https:\/\/farmoderm.it\/fr\/page-daccueil\/\"},{\"@type\":\"ListItem\",\"position\":2,\"name\":\"Pharmacies affili\u00e9es\"}]},{\"@type\":\"WebSite\",\"@id\":\"https:\/\/farmoderm.it\/fr\/#website\",\"url\":\"https:\/\/farmoderm.it\/fr\/\",\"name\":\"Farmoderm.it\",\"description\":\"\",\"potentialAction\":[{\"@type\":\"SearchAction\",\"target\":{\"@type\":\"EntryPoint\",\"urlTemplate\":\"https:\/\/farmoderm.it\/fr\/?s={search_term_string}\"},\"query-input\":{\"@type\":\"PropertyValueSpecification\",\"valueRequired\":true,\"valueName\":\"search_term_string\"}}],\"inLanguage\":\"fr-FR\"}]}<\/script>\n<!-- \/ Yoast SEO plugin. -->","yoast_head_json":{"title":"Pharmacies affili\u00e9es - Farmoderm.it","robots":{"index":"index","follow":"follow","max-snippet":"max-snippet:-1","max-image-preview":"max-image-preview:large","max-video-preview":"max-video-preview:-1"},"canonical":"https:\/\/farmoderm.it\/fr\/pharmacies-affiliees\/","og_locale":"fr_FR","og_type":"article","og_title":"Pharmacies affili\u00e9es - Farmoderm.it","og_description":"Pharmacies affili\u00e9es Une r\u00e9f\u00e9rence en mati\u00e8re de dermocosm\u00e9tique pour peaux sensibles Les Laboratoires Pharmodermatologiques Farmoderm travaillent depuis plus de trente ans avec les pharmacies et les professionnels de la sant\u00e9, en proposant des solutions dermocosm\u00e9tiques fiables, s\u00fbres et scientifiquement valid\u00e9es. Les pharmacies affili\u00e9es \u00e0 Farmoderm repr\u00e9sentent un canal privil\u00e9gi\u00e9 pour rendre la recherche pharmacodermatologique accessible [&hellip;]","og_url":"https:\/\/farmoderm.it\/fr\/pharmacies-affiliees\/","og_site_name":"Farmoderm.it","article_modified_time":"2026-03-10T11:22:05+00:00","twitter_card":"summary_large_image","twitter_misc":{"Dur\u00e9e de lecture estim\u00e9e":"2 minutes"},"schema":{"@context":"https:\/\/schema.org","@graph":[{"@type":"WebPage","@id":"https:\/\/farmoderm.it\/fr\/pharmacies-affiliees\/","url":"https:\/\/farmoderm.it\/fr\/pharmacies-affiliees\/","name":"Pharmacies affili\u00e9es - Farmoderm.it","isPartOf":{"@id":"https:\/\/farmoderm.it\/fr\/#website"},"datePublished":"2026-01-12T14:30:41+00:00","dateModified":"2026-03-10T11:22:05+00:00","breadcrumb":{"@id":"https:\/\/farmoderm.it\/fr\/pharmacies-affiliees\/#breadcrumb"},"inLanguage":"fr-FR","potentialAction":[{"@type":"ReadAction","target":["https:\/\/farmoderm.it\/fr\/pharmacies-affiliees\/"]}]},{"@type":"BreadcrumbList","@id":"https:\/\/farmoderm.it\/fr\/pharmacies-affiliees\/#breadcrumb","itemListElement":[{"@type":"ListItem","position":1,"name":"Home","item":"https:\/\/farmoderm.it\/fr\/page-daccueil\/"},{"@type":"ListItem","position":2,"name":"Pharmacies affili\u00e9es"}]},{"@type":"WebSite","@id":"https:\/\/farmoderm.it\/fr\/#website","url":"https:\/\/farmoderm.it\/fr\/","name":"Farmoderm.it","description":"","potentialAction":[{"@type":"SearchAction","target":{"@type":"EntryPoint","urlTemplate":"https:\/\/farmoderm.it\/fr\/?s={search_term_string}"},"query-input":{"@type":"PropertyValueSpecification","valueRequired":true,"valueName":"search_term_string"}}],"inLanguage":"fr-FR"}]}},"_links":{"self":[{"href":"https:\/\/farmoderm.it\/fr\/wp-json\/wp\/v2\/pages\/6667","targetHints":{"allow":["GET"]}}],"collection":[{"href":"https:\/\/farmoderm.it\/fr\/wp-json\/wp\/v2\/pages"}],"about":[{"href":"https:\/\/farmoderm.it\/fr\/wp-json\/wp\/v2\/types\/page"}],"author":[{"embeddable":true,"href":"https:\/\/farmoderm.it\/fr\/wp-json\/wp\/v2\/users\/2"}],"replies":[{"embeddable":true,"href":"https:\/\/farmoderm.it\/fr\/wp-json\/wp\/v2\/comments?post=6667"}],"version-history":[{"count":1,"href":"https:\/\/farmoderm.it\/fr\/wp-json\/wp\/v2\/pages\/6667\/revisions"}],"predecessor-version":[{"id":6669,"href":"https:\/\/farmoderm.it\/fr\/wp-json\/wp\/v2\/pages\/6667\/revisions\/6669"}],"wp:attachment":[{"href":"https:\/\/farmoderm.it\/fr\/wp-json\/wp\/v2\/media?parent=6667"}],"curies":[{"name":"wp","href":"https:\/\/api.w.org\/{rel}","templated":true}]}}