{"id":6663,"date":"2026-01-12T14:30:41","date_gmt":"2026-01-12T14:30:41","guid":{"rendered":"https:\/\/farmoderm.it\/apteki-stowarzyszone\/"},"modified":"2026-03-10T11:22:04","modified_gmt":"2026-03-10T11:22:04","slug":"apteki-stowarzyszone","status":"publish","type":"page","link":"https:\/\/farmoderm.it\/pl\/apteki-stowarzyszone\/","title":{"rendered":"Apteki stowarzyszone"},"content":{"rendered":"\t\t<div data-elementor-type=\"wp-page\" data-elementor-id=\"6663\" class=\"elementor elementor-6663 elementor-580\" data-elementor-post-type=\"page\">\n\t\t\t\t<div class=\"elementor-element elementor-element-ebaed3e e-flex e-con-boxed e-con e-parent\" data-id=\"ebaed3e\" data-element_type=\"container\" data-e-type=\"container\">\n\t\t\t\t\t<div class=\"e-con-inner\">\n\t\t\t\t<div class=\"elementor-element elementor-element-68f1453 elementor-widget elementor-widget-breadcrumbs\" data-id=\"68f1453\" data-element_type=\"widget\" data-e-type=\"widget\" data-widget_type=\"breadcrumbs.default\">\n\t\t\t\t\t<p id=\"breadcrumbs\"><span><span><a href=\"https:\/\/farmoderm.it\/pl\/strona-glowna\/\">Home<\/a><\/span><\/span><\/p>\t\t\t\t<\/div>\n\t\t\t\t<div class=\"elementor-element elementor-element-a511404 elementor-widget elementor-widget-heading\" data-id=\"a511404\" data-element_type=\"widget\" data-e-type=\"widget\" data-widget_type=\"heading.default\">\n\t\t\t\t\t<h1 class=\"elementor-heading-title elementor-size-default\">Apteki stowarzyszone<\/h1>\t\t\t\t<\/div>\n\t\t\t\t<div class=\"elementor-element elementor-element-d218d31 elementor-widget elementor-widget-text-editor\" data-id=\"d218d31\" data-element_type=\"widget\" data-e-type=\"widget\" data-widget_type=\"text-editor.default\">\n\t\t\t\t\t\t\t\t\t<p><strong>Punkt odniesienia dla dermokosmetyk\u00f3w do sk\u00f3ry wra\u017cliwej<\/strong><\/p>\t\t\t\t\t\t\t\t<\/div>\n\t\t\t\t<div class=\"elementor-element elementor-element-707a40c elementor-widget elementor-widget-text-editor\" data-id=\"707a40c\" data-element_type=\"widget\" data-e-type=\"widget\" data-widget_type=\"text-editor.default\">\n\t\t\t\t\t\t\t\t\t<p>Laboratoria Farmoderm wsp\u00f3\u0142pracuj\u0105 z aptekami i pracownikami s\u0142u\u017cby zdrowia od ponad trzydziestu lat, oferuj\u0105c niezawodne, bezpieczne i naukowo potwierdzone rozwi\u0105zania dermokosmetyczne.<\/p><p>Apteki stowarzyszone z Farmoderm stanowi\u0105 <strong>uprzywilejowany kana\u0142<\/strong> udost\u0119pniania bada\u0144 farmakodermatologicznych osobom, kt\u00f3re na co dzie\u0144 opiekuj\u0105 si\u0119 lud\u017ami, zw\u0142aszcza tymi <strong>o wra\u017cliwej, delikatnej lub specjalnej sk\u00f3rze<\/strong>.<\/p>\t\t\t\t\t\t\t\t<\/div>\n\t\t\t\t\t<\/div>\n\t\t\t\t<\/div>\n\t\t<div class=\"elementor-element elementor-element-e35095e e-flex e-con-boxed e-con e-parent\" data-id=\"e35095e\" data-element_type=\"container\" data-e-type=\"container\" data-settings=\"{&quot;background_background&quot;:&quot;classic&quot;}\">\n\t\t\t\t\t<div class=\"e-con-inner\">\n\t\t<div class=\"elementor-element elementor-element-e69fcb4 e-con-full e-flex e-con e-child\" data-id=\"e69fcb4\" data-element_type=\"container\" data-e-type=\"container\">\n\t\t<div class=\"elementor-element elementor-element-3bd0947 e-con-full e-flex e-con e-child\" data-id=\"3bd0947\" data-element_type=\"container\" data-e-type=\"container\">\n\t\t<div class=\"elementor-element elementor-element-2dd5cfe e-con-full e-flex e-con e-child\" data-id=\"2dd5cfe\" data-element_type=\"container\" data-e-type=\"container\" data-settings=\"{&quot;background_background&quot;:&quot;classic&quot;}\">\n\t\t\t\t<\/div>\n\t\t<div class=\"elementor-element elementor-element-e88e218 e-con-full e-flex e-con e-child\" data-id=\"e88e218\" data-element_type=\"container\" data-e-type=\"container\" data-settings=\"{&quot;background_background&quot;:&quot;classic&quot;}\">\n\t\t\t\t<div class=\"elementor-element elementor-element-43d61c1 elementor-widget elementor-widget-heading\" data-id=\"43d61c1\" data-element_type=\"widget\" data-e-type=\"widget\" data-widget_type=\"heading.default\">\n\t\t\t\t\t<h2 class=\"elementor-heading-title elementor-size-default\">Dlaczego warto wybra\u0107 Farmoderm<\/h2>\t\t\t\t<\/div>\n\t\t\t\t<div class=\"elementor-element elementor-element-d5f9906 elementor-widget elementor-widget-heading\" data-id=\"d5f9906\" data-element_type=\"widget\" data-e-type=\"widget\" data-widget_type=\"heading.default\">\n\t\t\t\t\t<h3 class=\"elementor-heading-title elementor-size-default\">Wiedza naukowa uznawana przez \u015bwiat zdrowia<\/h3>\t\t\t\t<\/div>\n\t\t\t\t<div class=\"elementor-element elementor-element-6c83876 elementor-widget elementor-widget-text-editor\" data-id=\"6c83876\" data-element_type=\"widget\" data-e-type=\"widget\" data-widget_type=\"text-editor.default\">\n\t\t\t\t\t\t\t\t\t<p>Farmoderm jest uznawany przez pracownik\u00f3w s\u0142u\u017cby zdrowia za lidera w dziedzinie bada\u0144 i rozwoju preparat\u00f3w farmakodermatologicznych.<br>Od ponad 30 lat opracowujemy i wprowadzamy na rynek produkty przeznaczone do..:<\/p><ul><li>codzienna higiena<\/li><li>profilaktyka dermatologiczna<\/li><li>ochrona i piel\u0119gnacja sk\u00f3ry wra\u017cliwej<\/li><\/ul><p>Aktywnie wsp\u00f3\u0142pracujemy z <strong>uniwersytetami i instytutami badawczymi<\/strong> w celu potwierdzenia skuteczno\u015bci naszych preparat\u00f3w poprzez <strong>niezale\u017cne badania kliniczne<\/strong>, gwarantuj\u0105c konkretne i wiarygodne wyniki.<\/p><p>Produkty Farmoderm zosta\u0142y zaprojektowane, aby wspiera\u0107 farmacj\u0119 w zapobieganiu powik\u0142aniom sk\u00f3rnym i we w\u0142a\u015bciwym zarz\u0105dzaniu higien\u0105 osobist\u0105, nawet w delikatnych warunkach.<\/p>\t\t\t\t\t\t\t\t<\/div>\n\t\t\t\t<\/div>\n\t\t\t\t<\/div>\n\t\t\t\t<\/div>\n\t\t\t\t\t<\/div>\n\t\t\t\t<\/div>\n\t\t<div class=\"elementor-element elementor-element-6cae9cc e-flex e-con-boxed e-con e-parent\" data-id=\"6cae9cc\" data-element_type=\"container\" data-e-type=\"container\">\n\t\t\t\t\t<div class=\"e-con-inner\">\n\t\t\t\t<div class=\"elementor-element elementor-element-97bbe37 elementor-widget elementor-widget-heading\" data-id=\"97bbe37\" data-element_type=\"widget\" data-e-type=\"widget\" data-widget_type=\"heading.default\">\n\t\t\t\t\t<h2 class=\"elementor-heading-title elementor-size-default\">Partner dla apteki<\/h2>\t\t\t\t<\/div>\n\t\t\t\t<div class=\"elementor-element elementor-element-db497b5 elementor-widget elementor-widget-text-editor\" data-id=\"db497b5\" data-element_type=\"widget\" data-e-type=\"widget\" data-widget_type=\"text-editor.default\">\n\t\t\t\t\t\t\t\t\t<p><strong>Nie tylko produkty, ale i ci\u0105g\u0142e wsparcie<\/strong><\/p>\t\t\t\t\t\t\t\t<\/div>\n\t\t\t\t<div class=\"elementor-element elementor-element-9dd414c elementor-widget elementor-widget-text-editor\" data-id=\"9dd414c\" data-element_type=\"widget\" data-e-type=\"widget\" data-widget_type=\"text-editor.default\">\n\t\t\t\t\t\t\t\t\t<p>Farmoderm codziennie pracuje nad tym, aby badania farmakodermatologiczne by\u0142y <strong>naprawd\u0119 dost\u0119pne<\/strong>, nie trac\u0105c z oczu potrzeb operacyjnych i zawodowych aptek partnerskich.<\/p><p>Wierzymy w partnerstwo oparte na <strong>ci\u0105g\u0142ym szkoleniu, aktualizacji i coachingu<\/strong>, aby wzmocni\u0107 doradcz\u0105 rol\u0119 farmaceuty.<\/p>\t\t\t\t\t\t\t\t<\/div>\n\t\t\t\t\t<\/div>\n\t\t\t\t<\/div>\n\t\t<div class=\"elementor-element elementor-element-e03ffcc e-flex e-con-boxed e-con e-parent\" data-id=\"e03ffcc\" data-element_type=\"container\" data-e-type=\"container\" data-settings=\"{&quot;background_background&quot;:&quot;classic&quot;}\">\n\t\t\t\t\t<div class=\"e-con-inner\">\n\t\t<div class=\"elementor-element elementor-element-e16d393 e-con-full e-flex e-con e-child\" data-id=\"e16d393\" data-element_type=\"container\" data-e-type=\"container\">\n\t\t<div class=\"elementor-element elementor-element-078498c e-con-full e-flex e-con e-child\" data-id=\"078498c\" data-element_type=\"container\" data-e-type=\"container\">\n\t\t<div class=\"elementor-element elementor-element-782946b e-con-full e-flex e-con e-child\" data-id=\"782946b\" data-element_type=\"container\" data-e-type=\"container\" data-settings=\"{&quot;background_background&quot;:&quot;classic&quot;}\">\n\t\t\t\t<div class=\"elementor-element elementor-element-cbcfd36 elementor-widget elementor-widget-heading\" data-id=\"cbcfd36\" data-element_type=\"widget\" data-e-type=\"widget\" data-widget_type=\"heading.default\">\n\t\t\t\t\t<h2 class=\"elementor-heading-title elementor-size-default\">Us\u0142ugi wspieraj\u0105ce zakontraktowane apteki<\/h2>\t\t\t\t<\/div>\n\t\t\t\t<\/div>\n\t\t\t\t<\/div>\n\t\t<div class=\"elementor-element elementor-element-8825127 e-con-full e-flex e-con e-child\" data-id=\"8825127\" data-element_type=\"container\" data-e-type=\"container\">\n\t\t<div class=\"elementor-element elementor-element-5f359c3 e-con-full e-flex e-con e-child\" data-id=\"5f359c3\" data-element_type=\"container\" data-e-type=\"container\" data-settings=\"{&quot;background_background&quot;:&quot;classic&quot;}\">\n\t\t\t\t<div class=\"elementor-element elementor-element-8655c0a elementor-widget elementor-widget-heading\" data-id=\"8655c0a\" data-element_type=\"widget\" data-e-type=\"widget\" data-widget_type=\"heading.default\">\n\t\t\t\t\t<h3 class=\"elementor-heading-title elementor-size-default\">Szkolenie i aktualizacja<\/h3>\t\t\t\t<\/div>\n\t\t\t\t<div class=\"elementor-element elementor-element-4068d33 elementor-widget elementor-widget-text-editor\" data-id=\"4068d33\" data-element_type=\"widget\" data-e-type=\"widget\" data-widget_type=\"text-editor.default\">\n\t\t\t\t\t\t\t\t\t<ul><li>Dedykowane kursy szkoleniowe<\/li><li>Aktualizacje bada\u0144 klinicznych i dowod\u00f3w naukowych<\/li><li>Wsparcie w zakresie protoko\u0142\u00f3w u\u017cytkowania produktu<\/li><\/ul>\t\t\t\t\t\t\t\t<\/div>\n\t\t\t\t<\/div>\n\t\t<div class=\"elementor-element elementor-element-58ec0b3 e-con-full e-flex e-con e-child\" data-id=\"58ec0b3\" data-element_type=\"container\" data-e-type=\"container\" data-settings=\"{&quot;background_background&quot;:&quot;classic&quot;}\">\n\t\t\t\t<div class=\"elementor-element elementor-element-b7759b5 elementor-widget elementor-widget-heading\" data-id=\"b7759b5\" data-element_type=\"widget\" data-e-type=\"widget\" data-widget_type=\"heading.default\">\n\t\t\t\t\t<h3 class=\"elementor-heading-title elementor-size-default\">Wsparcie operacyjne<\/h3>\t\t\t\t<\/div>\n\t\t\t\t<div class=\"elementor-element elementor-element-883a56a elementor-widget elementor-widget-text-editor\" data-id=\"883a56a\" data-element_type=\"widget\" data-e-type=\"widget\" data-widget_type=\"text-editor.default\">\n\t\t\t\t\t\t\t\t\t<ul><li>Szczeg\u00f3\u0142owe informacje na temat produkt\u00f3w i metod aplikacji<\/li><li>Materia\u0142y ekspozycyjne w punktach sprzeda\u017cy<\/li><li>Bezp\u0142atne pr\u00f3bki promuj\u0105ce \u015bwiadomo\u015b\u0107 linii<\/li><\/ul>\t\t\t\t\t\t\t\t<\/div>\n\t\t\t\t<\/div>\n\t\t<div class=\"elementor-element elementor-element-1b45441 e-con-full e-flex e-con e-child\" data-id=\"1b45441\" data-element_type=\"container\" data-e-type=\"container\" data-settings=\"{&quot;background_background&quot;:&quot;classic&quot;}\">\n\t\t\t\t<div class=\"elementor-element elementor-element-e98c72a elementor-widget elementor-widget-heading\" data-id=\"e98c72a\" data-element_type=\"widget\" data-e-type=\"widget\" data-widget_type=\"heading.default\">\n\t\t\t\t\t<h3 class=\"elementor-heading-title elementor-size-default\">Dedykowane inicjatywy <br><\/h3>\t\t\t\t<\/div>\n\t\t\t\t<div class=\"elementor-element elementor-element-3f7f53b elementor-widget elementor-widget-text-editor\" data-id=\"3f7f53b\" data-element_type=\"widget\" data-e-type=\"widget\" data-widget_type=\"text-editor.default\">\n\t\t\t\t\t\t\t\t\t<ul><li>Oferty promocyjne zastrze\u017cone<\/li><li>Dzia\u0142ania wspieraj\u0105ce sprzeda\u017c<\/li><li>Partnerstwo dostosowane do potrzeb apteki<\/li><\/ul>\t\t\t\t\t\t\t\t<\/div>\n\t\t\t\t<\/div>\n\t\t\t\t<\/div>\n\t\t\t\t<\/div>\n\t\t\t\t\t<\/div>\n\t\t\t\t<\/div>\n\t\t<div class=\"elementor-element elementor-element-55f636f e-flex e-con-boxed e-con e-parent\" data-id=\"55f636f\" data-element_type=\"container\" data-e-type=\"container\">\n\t\t\t\t\t<div class=\"e-con-inner\">\n\t\t\t\t<div class=\"elementor-element elementor-element-87a5e06 elementor-widget elementor-widget-heading\" data-id=\"87a5e06\" data-element_type=\"widget\" data-e-type=\"widget\" data-widget_type=\"heading.default\">\n\t\t\t\t\t<h2 class=\"elementor-heading-title elementor-size-default\">Wej\u015bcie do sieci Farmoderm<\/h2>\t\t\t\t<\/div>\n\t\t\t\t<div class=\"elementor-element elementor-element-cff7b43 elementor-widget elementor-widget-text-editor\" data-id=\"cff7b43\" data-element_type=\"widget\" data-e-type=\"widget\" data-widget_type=\"text-editor.default\">\n\t\t\t\t\t\t\t\t\t<p><strong>Wsp\u00f3\u0142praca zaprojektowana z my\u015bl\u0105 o wsp\u00f3lnym rozwoju<\/strong><\/p>\t\t\t\t\t\t\t\t<\/div>\n\t\t\t\t<div class=\"elementor-element elementor-element-726e887 elementor-widget elementor-widget-text-editor\" data-id=\"726e887\" data-element_type=\"widget\" data-e-type=\"widget\" data-widget_type=\"text-editor.default\">\n\t\t\t\t\t\t\t\t\t<p>Zostanie aptek\u0105 kontraktow\u0105 Farmoderm oznacza do\u0142\u0105czenie do sieci, kt\u00f3ra podziela warto\u015bci, wiedz\u0119 i trosk\u0119 o pacjenta.<\/p><p>Zapewniamy:<\/p><ul><li>niezawodne i uznane portfolio produkt\u00f3w<\/li><li>wsparcie naukowe i edukacyjne<\/li><li>Konkretne narz\u0119dzia usprawniaj\u0105ce profesjonalne doradztwo<\/li><\/ul>\t\t\t\t\t\t\t\t<\/div>\n\t\t\t\t\t<\/div>\n\t\t\t\t<\/div>\n\t\t<div class=\"elementor-element elementor-element-472e2fc e-flex e-con-boxed e-con e-parent\" data-id=\"472e2fc\" data-element_type=\"container\" data-e-type=\"container\" data-settings=\"{&quot;background_background&quot;:&quot;classic&quot;}\">\n\t\t\t\t\t<div class=\"e-con-inner\">\n\t\t<div class=\"elementor-element elementor-element-af45c3e e-con-full e-flex e-con e-child\" data-id=\"af45c3e\" data-element_type=\"container\" data-e-type=\"container\">\n\t\t<div class=\"elementor-element elementor-element-69a8658 e-con-full e-flex e-con e-child\" data-id=\"69a8658\" data-element_type=\"container\" data-e-type=\"container\">\n\t\t<div class=\"elementor-element elementor-element-ff9d4f6 e-con-full e-flex e-con e-child\" data-id=\"ff9d4f6\" data-element_type=\"container\" data-e-type=\"container\" data-settings=\"{&quot;background_background&quot;:&quot;classic&quot;}\">\n\t\t\t\t<div class=\"elementor-element elementor-element-8a557e3 elementor-widget elementor-widget-heading\" data-id=\"8a557e3\" data-element_type=\"widget\" data-e-type=\"widget\" data-widget_type=\"heading.default\">\n\t\t\t\t\t<h2 class=\"elementor-heading-title elementor-size-default\">Czy chcesz zosta\u0107 zatwierdzon\u0105 aptek\u0105 Farmoderm?<\/h2>\t\t\t\t<\/div>\n\t\t\t\t<\/div>\n\t\t<div class=\"elementor-element elementor-element-80f2506 e-con-full e-flex e-con e-child\" data-id=\"80f2506\" data-element_type=\"container\" data-e-type=\"container\" data-settings=\"{&quot;background_background&quot;:&quot;classic&quot;}\">\n\t\t\t\t<div class=\"elementor-element elementor-element-7119c39 elementor-widget elementor-widget-heading\" data-id=\"7119c39\" data-element_type=\"widget\" data-e-type=\"widget\" data-widget_type=\"heading.default\">\n\t\t\t\t\t<h3 class=\"elementor-heading-title elementor-size-default\">Opowiedz nam o swojej rzeczywisto\u015bci, zbudujmy razem partnerstwo<\/h3>\t\t\t\t<\/div>\n\t\t\t\t<div class=\"elementor-element elementor-element-cc6c6c7 elementor-widget elementor-widget-text-editor\" data-id=\"cc6c6c7\" data-element_type=\"widget\" data-e-type=\"widget\" data-widget_type=\"text-editor.default\">\n\t\t\t\t\t\t\t\t\t<p>Je\u015bli jeste\u015b aptek\u0105 zainteresowan\u0105 oferowaniem swoim klientom wysokiej jako\u015bci rozwi\u0105za\u0144 dermokosmetycznych popartych badaniami naukowymi i ci\u0105g\u0142ymi szkoleniami, <strong>Farmoderm jest w\u0142a\u015bciwym partnerem<\/strong>.<\/p><p>Napisz na adres<span style=\"font-family: -apple-system, BlinkMacSystemFont, 'Segoe UI', Roboto, 'Helvetica Neue', Arial, 'Noto Sans', sans-serif, 'Apple Color Emoji', 'Segoe UI Emoji', 'Segoe UI Symbol', 'Noto Color Emoji';\">retail@farmoderm.it, aby uzyska\u0107 informacje na temat konwencji, dedykowanych us\u0142ug i sposob\u00f3w wsp\u00f3\u0142pracy<\/span>.<\/p><p>Nasz zesp\u00f3\u0142 skontaktuje si\u0119 z Tob\u0105, aby wsp\u00f3lnie oceni\u0107 najbardziej odpowiednie rozwi\u0105zanie dla Twojej apteki.<\/p>\t\t\t\t\t\t\t\t<\/div>\n\t\t\t\t<\/div>\n\t\t\t\t<\/div>\n\t\t\t\t<\/div>\n\t\t\t\t\t<\/div>\n\t\t\t\t<\/div>\n\t\t<div class=\"elementor-element elementor-element-463d555 e-con-full invo-bm-bottom-map-sec e-flex e-con e-parent\" data-id=\"463d555\" data-element_type=\"container\" data-e-type=\"container\" data-settings=\"{&quot;background_background&quot;:&quot;classic&quot;}\">\n\t\t\t\t<div class=\"elementor-element elementor-element-175a42c elementor-widget elementor-widget-html\" data-id=\"175a42c\" data-element_type=\"widget\" data-e-type=\"widget\" data-widget_type=\"html.default\">\n\t\t\t\t\t<iframe src=\"https:\/\/www.google.com\/maps\/d\/embed?mid=14lwHO-G8nFjxNVkpEBkHcQi59NxpSGOa\" width=\"100%\" height=\"600\"><\/iframe>\t\t\t\t<\/div>\n\t\t\t\t<\/div>\n\t\t\t\t<\/div>\n\t\t","protected":false},"excerpt":{"rendered":"<p>Apteki stowarzyszone Punkt odniesienia dla dermokosmetyk\u00f3w do sk\u00f3ry wra\u017cliwej Laboratoria Farmoderm wsp\u00f3\u0142pracuj\u0105 z aptekami i pracownikami s\u0142u\u017cby zdrowia od ponad trzydziestu lat, oferuj\u0105c niezawodne, bezpieczne i naukowo potwierdzone rozwi\u0105zania dermokosmetyczne. Apteki stowarzyszone z Farmoderm stanowi\u0105 uprzywilejowany kana\u0142 udost\u0119pniania bada\u0144 farmakodermatologicznych osobom, kt\u00f3re na co dzie\u0144 opiekuj\u0105 si\u0119 lud\u017ami, zw\u0142aszcza tymi o wra\u017cliwej, delikatnej lub specjalnej [&hellip;]<\/p>\n","protected":false},"author":2,"featured_media":0,"parent":0,"menu_order":0,"comment_status":"closed","ping_status":"closed","template":"","meta":{"footnotes":""},"class_list":["post-6663","page","type-page","status-publish","hentry"],"yoast_head":"<!-- This site is optimized with the Yoast SEO plugin v27.1.1 - https:\/\/yoast.com\/product\/yoast-seo-wordpress\/ -->\n<title>Apteki stowarzyszone - Farmoderm.it<\/title>\n<meta name=\"robots\" content=\"index, follow, max-snippet:-1, max-image-preview:large, max-video-preview:-1\" \/>\n<link rel=\"canonical\" href=\"https:\/\/farmoderm.it\/pl\/apteki-stowarzyszone\/\" \/>\n<meta property=\"og:locale\" content=\"pl_PL\" \/>\n<meta property=\"og:type\" content=\"article\" \/>\n<meta property=\"og:title\" content=\"Apteki stowarzyszone - Farmoderm.it\" \/>\n<meta property=\"og:description\" content=\"Apteki stowarzyszone Punkt odniesienia dla dermokosmetyk\u00f3w do sk\u00f3ry wra\u017cliwej Laboratoria Farmoderm wsp\u00f3\u0142pracuj\u0105 z aptekami i pracownikami s\u0142u\u017cby zdrowia od ponad trzydziestu lat, oferuj\u0105c niezawodne, bezpieczne i naukowo potwierdzone rozwi\u0105zania dermokosmetyczne. Apteki stowarzyszone z Farmoderm stanowi\u0105 uprzywilejowany kana\u0142 udost\u0119pniania bada\u0144 farmakodermatologicznych osobom, kt\u00f3re na co dzie\u0144 opiekuj\u0105 si\u0119 lud\u017ami, zw\u0142aszcza tymi o wra\u017cliwej, delikatnej lub specjalnej [&hellip;]\" \/>\n<meta property=\"og:url\" content=\"https:\/\/farmoderm.it\/pl\/apteki-stowarzyszone\/\" \/>\n<meta property=\"og:site_name\" content=\"Farmoderm.it\" \/>\n<meta property=\"article:modified_time\" content=\"2026-03-10T11:22:04+00:00\" \/>\n<meta name=\"twitter:card\" content=\"summary_large_image\" \/>\n<meta name=\"twitter:label1\" content=\"Szacowany czas czytania\" \/>\n\t<meta name=\"twitter:data1\" content=\"2 minuty\" \/>\n<script type=\"application\/ld+json\" class=\"yoast-schema-graph\">{\"@context\":\"https:\/\/schema.org\",\"@graph\":[{\"@type\":\"WebPage\",\"@id\":\"https:\/\/farmoderm.it\/pl\/apteki-stowarzyszone\/\",\"url\":\"https:\/\/farmoderm.it\/pl\/apteki-stowarzyszone\/\",\"name\":\"Apteki stowarzyszone - Farmoderm.it\",\"isPartOf\":{\"@id\":\"https:\/\/farmoderm.it\/pl\/#website\"},\"datePublished\":\"2026-01-12T14:30:41+00:00\",\"dateModified\":\"2026-03-10T11:22:04+00:00\",\"breadcrumb\":{\"@id\":\"https:\/\/farmoderm.it\/pl\/apteki-stowarzyszone\/#breadcrumb\"},\"inLanguage\":\"pl-PL\",\"potentialAction\":[{\"@type\":\"ReadAction\",\"target\":[\"https:\/\/farmoderm.it\/pl\/apteki-stowarzyszone\/\"]}]},{\"@type\":\"BreadcrumbList\",\"@id\":\"https:\/\/farmoderm.it\/pl\/apteki-stowarzyszone\/#breadcrumb\",\"itemListElement\":[{\"@type\":\"ListItem\",\"position\":1,\"name\":\"Home\",\"item\":\"https:\/\/farmoderm.it\/pl\/strona-glowna\/\"},{\"@type\":\"ListItem\",\"position\":2,\"name\":\"Apteki stowarzyszone\"}]},{\"@type\":\"WebSite\",\"@id\":\"https:\/\/farmoderm.it\/pl\/#website\",\"url\":\"https:\/\/farmoderm.it\/pl\/\",\"name\":\"Farmoderm.it\",\"description\":\"\",\"potentialAction\":[{\"@type\":\"SearchAction\",\"target\":{\"@type\":\"EntryPoint\",\"urlTemplate\":\"https:\/\/farmoderm.it\/pl\/?s={search_term_string}\"},\"query-input\":{\"@type\":\"PropertyValueSpecification\",\"valueRequired\":true,\"valueName\":\"search_term_string\"}}],\"inLanguage\":\"pl-PL\"}]}<\/script>\n<!-- \/ Yoast SEO plugin. -->","yoast_head_json":{"title":"Apteki stowarzyszone - Farmoderm.it","robots":{"index":"index","follow":"follow","max-snippet":"max-snippet:-1","max-image-preview":"max-image-preview:large","max-video-preview":"max-video-preview:-1"},"canonical":"https:\/\/farmoderm.it\/pl\/apteki-stowarzyszone\/","og_locale":"pl_PL","og_type":"article","og_title":"Apteki stowarzyszone - Farmoderm.it","og_description":"Apteki stowarzyszone Punkt odniesienia dla dermokosmetyk\u00f3w do sk\u00f3ry wra\u017cliwej Laboratoria Farmoderm wsp\u00f3\u0142pracuj\u0105 z aptekami i pracownikami s\u0142u\u017cby zdrowia od ponad trzydziestu lat, oferuj\u0105c niezawodne, bezpieczne i naukowo potwierdzone rozwi\u0105zania dermokosmetyczne. Apteki stowarzyszone z Farmoderm stanowi\u0105 uprzywilejowany kana\u0142 udost\u0119pniania bada\u0144 farmakodermatologicznych osobom, kt\u00f3re na co dzie\u0144 opiekuj\u0105 si\u0119 lud\u017ami, zw\u0142aszcza tymi o wra\u017cliwej, delikatnej lub specjalnej [&hellip;]","og_url":"https:\/\/farmoderm.it\/pl\/apteki-stowarzyszone\/","og_site_name":"Farmoderm.it","article_modified_time":"2026-03-10T11:22:04+00:00","twitter_card":"summary_large_image","twitter_misc":{"Szacowany czas czytania":"2 minuty"},"schema":{"@context":"https:\/\/schema.org","@graph":[{"@type":"WebPage","@id":"https:\/\/farmoderm.it\/pl\/apteki-stowarzyszone\/","url":"https:\/\/farmoderm.it\/pl\/apteki-stowarzyszone\/","name":"Apteki stowarzyszone - Farmoderm.it","isPartOf":{"@id":"https:\/\/farmoderm.it\/pl\/#website"},"datePublished":"2026-01-12T14:30:41+00:00","dateModified":"2026-03-10T11:22:04+00:00","breadcrumb":{"@id":"https:\/\/farmoderm.it\/pl\/apteki-stowarzyszone\/#breadcrumb"},"inLanguage":"pl-PL","potentialAction":[{"@type":"ReadAction","target":["https:\/\/farmoderm.it\/pl\/apteki-stowarzyszone\/"]}]},{"@type":"BreadcrumbList","@id":"https:\/\/farmoderm.it\/pl\/apteki-stowarzyszone\/#breadcrumb","itemListElement":[{"@type":"ListItem","position":1,"name":"Home","item":"https:\/\/farmoderm.it\/pl\/strona-glowna\/"},{"@type":"ListItem","position":2,"name":"Apteki stowarzyszone"}]},{"@type":"WebSite","@id":"https:\/\/farmoderm.it\/pl\/#website","url":"https:\/\/farmoderm.it\/pl\/","name":"Farmoderm.it","description":"","potentialAction":[{"@type":"SearchAction","target":{"@type":"EntryPoint","urlTemplate":"https:\/\/farmoderm.it\/pl\/?s={search_term_string}"},"query-input":{"@type":"PropertyValueSpecification","valueRequired":true,"valueName":"search_term_string"}}],"inLanguage":"pl-PL"}]}},"_links":{"self":[{"href":"https:\/\/farmoderm.it\/pl\/wp-json\/wp\/v2\/pages\/6663","targetHints":{"allow":["GET"]}}],"collection":[{"href":"https:\/\/farmoderm.it\/pl\/wp-json\/wp\/v2\/pages"}],"about":[{"href":"https:\/\/farmoderm.it\/pl\/wp-json\/wp\/v2\/types\/page"}],"author":[{"embeddable":true,"href":"https:\/\/farmoderm.it\/pl\/wp-json\/wp\/v2\/users\/2"}],"replies":[{"embeddable":true,"href":"https:\/\/farmoderm.it\/pl\/wp-json\/wp\/v2\/comments?post=6663"}],"version-history":[{"count":1,"href":"https:\/\/farmoderm.it\/pl\/wp-json\/wp\/v2\/pages\/6663\/revisions"}],"predecessor-version":[{"id":6665,"href":"https:\/\/farmoderm.it\/pl\/wp-json\/wp\/v2\/pages\/6663\/revisions\/6665"}],"wp:attachment":[{"href":"https:\/\/farmoderm.it\/pl\/wp-json\/wp\/v2\/media?parent=6663"}],"curies":[{"name":"wp","href":"https:\/\/api.w.org\/{rel}","templated":true}]}}